{"id":8374,"date":"2021-10-11T12:24:57","date_gmt":"2021-10-11T10:24:57","guid":{"rendered":"https:\/\/www.tatomaagro.com\/politique-de-confidentialite\/"},"modified":"2023-10-18T11:03:47","modified_gmt":"2023-10-18T09:03:47","slug":"politique-de-confidentialite","status":"publish","type":"page","link":"https:\/\/www.tatomaagro.com\/fr\/politique-de-confidentialite\/","title":{"rendered":"Politique de confidentialit\u00e9"},"content":{"rendered":"&#13;\n<h2 class=\"wp-block-heading\">INFORMATIONS D\u00c9TAILL\u00c9ES SUR LA PROTECTION DES DONN\u00c9ES PERSONNELLES<\/h2>&#13;\n<p>Le informamos de que los datos personales facilitados a trav\u00e9s de esta p\u00e1gina ser\u00e1n tratados por:<\/p>&#13;\n<h3>contr\u00f4leur de donn\u00e9es<\/h3>&#13;\n<p><strong>GRUPO TATOMA\u00a0<\/strong>y sus empresas Filiales, Ingenier\u00eda y Montajes Monz\u00f3n S.L., SERVIMOSA, S.L. y Transformados Torres Mart\u00ed S.L.<\/p>&#13;\n<h3>La source de donn\u00e9es<\/h3>&#13;\n<p>Los datos que se tratan proceden directamente de usted. No se tratan datos especialmente protegidos.<\/p>&#13;\n<p><strong>Decisiones<\/strong>\u00a0<strong>GRUPO TATOMA NO toma decisiones automatizadas, ni utiliza perfiles o l\u00f3gica aplicada con sus datos.<\/strong><\/p>&#13;\n<h3>Droits<\/h3>&#13;\n<p>Dispone de la posibilidad de ejercer los derechos de acceso, rectificaci\u00f3n, supresi\u00f3n, limitaci\u00f3n del tratamiento, oposici\u00f3n o portabilidad de los datos que expresamente reconoce la legislaci\u00f3n, as\u00ed como el derecho a retirar en cualquier momento, el consentimiento prestado. Para el ejercicio de estos derechos puede dirigir una solicitud a\u00a0<a href=\"mailto:info@grupotatoma.com\">info@grupotatoma.com<\/a><br\/>Asimismo, tiene derecho a presentar una reclamaci\u00f3n ante la Autoridad de Control en materia de Protecci\u00f3n de Datos.\u00a0<a href=\"http:\/\/www.aepd.es\/\">www.aepd.es<\/a><\/p>&#13;\n<h2>FINALIT\u00c9S, L\u00c9GITIMIT\u00c9 ET CONSERVATION DES TRAITEMENTS formulaire de contact<\/h2>&#13;\n<h3>formulaire de contact<\/h3>&#13;\n<p><strong>Finalidad<\/strong>: facilitarle un medio para que pueda ponerse en contacto con nosotros y dar respuesta a sus consultas<br\/><strong>Legitimaci\u00f3n<\/strong>: inter\u00e9s leg\u00edtimo para dar respuesta a la informaci\u00f3n solicitada a trav\u00e9s del formulario.<br\/><strong>Datos tratados<\/strong>: datos identificativos y de contacto<br\/><strong>Destinatarios:\u00a0<\/strong>si no se genera otro tratamiento, no se realizar\u00e1 ninguna cesi\u00f3n, ni tampoco transferencia internacional.<br\/><strong>Conservaci\u00f3n<\/strong>: una vez resuelta su solicitud, si no ha generado un nuevo tratamiento, hasta que solicite la baja de los mismos.<\/p>&#13;\n<h3>bulletin<\/h3>&#13;\n<p><strong>Finalidad<\/strong>: env\u00edo de boletines de informaci\u00f3n sobre nuestros productos y servicios.<br\/><strong>Legitimaci\u00f3n<\/strong>: consentimiento del usuario autorizando el env\u00edo del bolet\u00edn.<br\/><strong>Datos tratados<\/strong>: datos de contacto<br\/><strong>Destinatarios:\u00a0<\/strong>si no se genera otro tratamiento, no se realizar\u00e1 ninguna cesi\u00f3n, ni tampoco transferencia internacional.<br\/><strong>Conservaci\u00f3n<\/strong>: hasta que solicite la baja de los mismos.<\/p>&#13;\n<h3>ventes de site Web<\/h3>&#13;\n<p><strong>Finalidad<\/strong>: gestionar su pedido y realizar la gesti\u00f3n administrativa, fiscal y contable del mismo<br\/><strong>Legitimaci\u00f3n<\/strong>: relaci\u00f3n contractual (pedido web)<br\/><strong>Datos tratados<\/strong>: datos identificativos, de contacto y bancarios<br\/><strong>Destinatarios:<\/strong>\u00a0gestor\u00eda, entidades bancarias, empresas de transporte y para cumplir obligaciones legales<br\/><strong>Conservaci\u00f3n<\/strong>: tiempo previsto por la legislaci\u00f3n fiscal respecto a la prescripci\u00f3n de responsabilidades.<\/p>&#13;\n<h3>R\u00e9ception des CV<\/h3>&#13;\n<p><strong>Finalidad<\/strong>: selecci\u00f3n de personal<br\/><strong>Legitimaci\u00f3n<\/strong>: aplicaci\u00f3n a petici\u00f3n del interesado\u00a0 de medidas precontractuales<br\/><strong>Datos tratados<\/strong>: datos identificativos y de contacto, caracter\u00edsticas personales, acad\u00e9micos y profesionales, detalles del empleo<br\/><strong>Destinatarios:<\/strong>\u00a0empresas de selecci\u00f3n de personal<br\/><strong>Conservaci\u00f3n<\/strong>: hasta que el interesado solicita su supresi\u00f3n.<\/p>&#13;\n","protected":false},"excerpt":{"rendered":"<p>&#13; INFORMATIONS D\u00c9TAILL\u00c9ES SUR LA PROTECTION DES DONN\u00c9ES PERSONNELLES &#13; Le informamos de que los datos personales facilitados a trav\u00e9s de esta p\u00e1gina ser\u00e1n tratados por: &#13; contr\u00f4leur de donn\u00e9es &#13; GRUPO TATOMA\u00a0y sus empresas Filiales, Ingenier\u00eda y Montajes Monz\u00f3n S.L., SERVIMOSA, S.L. y Transformados Torres Mart\u00ed S.L. &#13; La source de donn\u00e9es &#13; Los &hellip;<\/p>\n<p class=\"read-more\"> <a class=\"\" href=\"https:\/\/www.tatomaagro.com\/fr\/politique-de-confidentialite\/\"> <span class=\"screen-reader-text\">Politique de confidentialit\u00e9<\/span> Lire la suite\u00a0\u00bb<\/a><\/p>\n","protected":false},"author":1,"featured_media":0,"parent":0,"menu_order":0,"comment_status":"closed","ping_status":"open","template":"","meta":{"site-sidebar-layout":"default","site-content-layout":"default","ast-site-content-layout":"","site-content-style":"default","site-sidebar-style":"default","ast-global-header-display":"","ast-banner-title-visibility":"","ast-main-header-display":"","ast-hfb-above-header-display":"","ast-hfb-below-header-display":"","ast-hfb-mobile-header-display":"","site-post-title":"","ast-breadcrumbs-content":"","ast-featured-img":"","footer-sml-layout":"","theme-transparent-header-meta":"default","adv-header-id-meta":"","stick-header-meta":"","header-above-stick-meta":"","header-main-stick-meta":"","header-below-stick-meta":"","astra-migrate-meta-layouts":"","footnotes":""},"class_list":["post-8374","page","type-page","status-publish","hentry"],"acf":[],"yoast_head":"<!-- This site is optimized with the Yoast SEO plugin v21.3 - https:\/\/yoast.com\/wordpress\/plugins\/seo\/ -->\n<title>Politique de confidentialit\u00e9 - Tatoma<\/title>\n<meta name=\"robots\" content=\"noindex, follow\" \/>\n<meta property=\"og:locale\" content=\"fr_FR\" \/>\n<meta property=\"og:type\" content=\"article\" \/>\n<meta property=\"og:title\" content=\"Politique de confidentialit\u00e9 - Tatoma\" \/>\n<meta property=\"og:description\" content=\"&#013; INFORMATIONS D\u00c9TAILL\u00c9ES SUR LA PROTECTION DES DONN\u00c9ES PERSONNELLES &#013; Le informamos de que los datos personales facilitados a trav\u00e9s de esta p\u00e1gina ser\u00e1n tratados por: &#013; contr\u00f4leur de donn\u00e9es &#013; GRUPO TATOMA\u00a0y sus empresas Filiales, Ingenier\u00eda y Montajes Monz\u00f3n S.L., SERVIMOSA, S.L. y Transformados Torres Mart\u00ed S.L. &#013; La source de donn\u00e9es &#013; Los &hellip; Politique de confidentialit\u00e9 Lire la suite\u00a0\u00bb\" \/>\n<meta property=\"og:url\" content=\"https:\/\/www.tatomaagro.com\/fr\/politique-de-confidentialite\/\" \/>\n<meta property=\"og:site_name\" content=\"Tatoma\" \/>\n<meta property=\"article:modified_time\" content=\"2023-10-18T09:03:47+00:00\" \/>\n<meta name=\"twitter:card\" content=\"summary_large_image\" \/>\n<meta name=\"twitter:label1\" content=\"Dur\u00e9e de lecture estim\u00e9e\" \/>\n\t<meta name=\"twitter:data1\" content=\"2 minutes\" \/>\n<script type=\"application\/ld+json\" class=\"yoast-schema-graph\">{\"@context\":\"https:\/\/schema.org\",\"@graph\":[{\"@type\":\"WebPage\",\"@id\":\"https:\/\/www.tatomaagro.com\/fr\/politique-de-confidentialite\/\",\"url\":\"https:\/\/www.tatomaagro.com\/fr\/politique-de-confidentialite\/\",\"name\":\"Politique de confidentialit\u00e9 - Tatoma\",\"isPartOf\":{\"@id\":\"https:\/\/www.tatomaagro.com\/fr\/#website\"},\"datePublished\":\"2021-10-11T10:24:57+00:00\",\"dateModified\":\"2023-10-18T09:03:47+00:00\",\"inLanguage\":\"fr-FR\",\"potentialAction\":[{\"@type\":\"ReadAction\",\"target\":[\"https:\/\/www.tatomaagro.com\/fr\/politique-de-confidentialite\/\"]}]},{\"@type\":\"WebSite\",\"@id\":\"https:\/\/www.tatomaagro.com\/fr\/#website\",\"url\":\"https:\/\/www.tatomaagro.com\/fr\/\",\"name\":\"Tatoma\",\"description\":\"Division AGRO Groupe Tatoma\",\"publisher\":{\"@id\":\"https:\/\/www.tatomaagro.com\/fr\/#organization\"},\"potentialAction\":[{\"@type\":\"SearchAction\",\"target\":{\"@type\":\"EntryPoint\",\"urlTemplate\":\"https:\/\/www.tatomaagro.com\/fr\/?s={search_term_string}\"},\"query-input\":\"required name=search_term_string\"}],\"inLanguage\":\"fr-FR\"},{\"@type\":\"Organization\",\"@id\":\"https:\/\/www.tatomaagro.com\/fr\/#organization\",\"name\":\"Tatoma\",\"url\":\"https:\/\/www.tatomaagro.com\/fr\/\",\"logo\":{\"@type\":\"ImageObject\",\"inLanguage\":\"fr-FR\",\"@id\":\"https:\/\/www.tatomaagro.com\/fr\/#\/schema\/logo\/image\/\",\"url\":\"https:\/\/www.tatomaagro.com\/wp-content\/uploads\/2021\/10\/logo-tatoma.png\",\"contentUrl\":\"https:\/\/www.tatomaagro.com\/wp-content\/uploads\/2021\/10\/logo-tatoma.png\",\"width\":182,\"height\":84,\"caption\":\"Tatoma\"},\"image\":{\"@id\":\"https:\/\/www.tatomaagro.com\/fr\/#\/schema\/logo\/image\/\"}}]}<\/script>\n<!-- \/ Yoast SEO plugin. -->","yoast_head_json":{"title":"Politique de confidentialit\u00e9 - Tatoma","robots":{"index":"noindex","follow":"follow"},"og_locale":"fr_FR","og_type":"article","og_title":"Politique de confidentialit\u00e9 - Tatoma","og_description":"&#13; INFORMATIONS D\u00c9TAILL\u00c9ES SUR LA PROTECTION DES DONN\u00c9ES PERSONNELLES &#13; Le informamos de que los datos personales facilitados a trav\u00e9s de esta p\u00e1gina ser\u00e1n tratados por: &#13; contr\u00f4leur de donn\u00e9es &#13; GRUPO TATOMA\u00a0y sus empresas Filiales, Ingenier\u00eda y Montajes Monz\u00f3n S.L., SERVIMOSA, S.L. y Transformados Torres Mart\u00ed S.L. &#13; La source de donn\u00e9es &#13; Los &hellip; Politique de confidentialit\u00e9 Lire la suite\u00a0\u00bb","og_url":"https:\/\/www.tatomaagro.com\/fr\/politique-de-confidentialite\/","og_site_name":"Tatoma","article_modified_time":"2023-10-18T09:03:47+00:00","twitter_card":"summary_large_image","twitter_misc":{"Dur\u00e9e de lecture estim\u00e9e":"2 minutes"},"schema":{"@context":"https:\/\/schema.org","@graph":[{"@type":"WebPage","@id":"https:\/\/www.tatomaagro.com\/fr\/politique-de-confidentialite\/","url":"https:\/\/www.tatomaagro.com\/fr\/politique-de-confidentialite\/","name":"Politique de confidentialit\u00e9 - Tatoma","isPartOf":{"@id":"https:\/\/www.tatomaagro.com\/fr\/#website"},"datePublished":"2021-10-11T10:24:57+00:00","dateModified":"2023-10-18T09:03:47+00:00","inLanguage":"fr-FR","potentialAction":[{"@type":"ReadAction","target":["https:\/\/www.tatomaagro.com\/fr\/politique-de-confidentialite\/"]}]},{"@type":"WebSite","@id":"https:\/\/www.tatomaagro.com\/fr\/#website","url":"https:\/\/www.tatomaagro.com\/fr\/","name":"Tatoma","description":"Division AGRO Groupe Tatoma","publisher":{"@id":"https:\/\/www.tatomaagro.com\/fr\/#organization"},"potentialAction":[{"@type":"SearchAction","target":{"@type":"EntryPoint","urlTemplate":"https:\/\/www.tatomaagro.com\/fr\/?s={search_term_string}"},"query-input":"required name=search_term_string"}],"inLanguage":"fr-FR"},{"@type":"Organization","@id":"https:\/\/www.tatomaagro.com\/fr\/#organization","name":"Tatoma","url":"https:\/\/www.tatomaagro.com\/fr\/","logo":{"@type":"ImageObject","inLanguage":"fr-FR","@id":"https:\/\/www.tatomaagro.com\/fr\/#\/schema\/logo\/image\/","url":"https:\/\/www.tatomaagro.com\/wp-content\/uploads\/2021\/10\/logo-tatoma.png","contentUrl":"https:\/\/www.tatomaagro.com\/wp-content\/uploads\/2021\/10\/logo-tatoma.png","width":182,"height":84,"caption":"Tatoma"},"image":{"@id":"https:\/\/www.tatomaagro.com\/fr\/#\/schema\/logo\/image\/"}}]}},"_links":{"self":[{"href":"https:\/\/www.tatomaagro.com\/fr\/wp-json\/wp\/v2\/pages\/8374","targetHints":{"allow":["GET"]}}],"collection":[{"href":"https:\/\/www.tatomaagro.com\/fr\/wp-json\/wp\/v2\/pages"}],"about":[{"href":"https:\/\/www.tatomaagro.com\/fr\/wp-json\/wp\/v2\/types\/page"}],"author":[{"embeddable":true,"href":"https:\/\/www.tatomaagro.com\/fr\/wp-json\/wp\/v2\/users\/1"}],"replies":[{"embeddable":true,"href":"https:\/\/www.tatomaagro.com\/fr\/wp-json\/wp\/v2\/comments?post=8374"}],"version-history":[{"count":4,"href":"https:\/\/www.tatomaagro.com\/fr\/wp-json\/wp\/v2\/pages\/8374\/revisions"}],"predecessor-version":[{"id":10674,"href":"https:\/\/www.tatomaagro.com\/fr\/wp-json\/wp\/v2\/pages\/8374\/revisions\/10674"}],"wp:attachment":[{"href":"https:\/\/www.tatomaagro.com\/fr\/wp-json\/wp\/v2\/media?parent=8374"}],"curies":[{"name":"wp","href":"https:\/\/api.w.org\/{rel}","templated":true}]}}