{"id":5409,"date":"2022-07-11T16:31:57","date_gmt":"2022-07-11T14:31:57","guid":{"rendered":"https:\/\/www.tatomaagro.com\/le-service-clientele\/"},"modified":"2025-07-06T11:07:02","modified_gmt":"2025-07-06T09:07:02","slug":"service-technique","status":"publish","type":"page","link":"https:\/\/www.tatomaagro.com\/fr\/service-technique\/","title":{"rendered":"Service technique"},"content":{"rendered":"\t\t<div data-elementor-type=\"wp-page\" data-elementor-id=\"5409\" class=\"elementor elementor-5409 elementor-2905\" data-elementor-post-type=\"page\">\n\t\t\t\t\t\t\t\t\t<section class=\"elementor-section elementor-top-section elementor-element elementor-element-3827615 elementor-section-height-min-height elementor-section-items-bottom elementor-section-boxed elementor-section-height-default\" data-id=\"3827615\" data-element_type=\"section\" data-settings=\"{&quot;background_background&quot;:&quot;classic&quot;,&quot;shape_divider_bottom&quot;:&quot;curve&quot;,&quot;shape_divider_bottom_negative&quot;:&quot;yes&quot;,&quot;_ha_eqh_enable&quot;:false}\">\n\t\t\t\t\t<div class=\"elementor-shape elementor-shape-bottom\" data-negative=\"true\">\n\t\t\t<svg xmlns=\"http:\/\/www.w3.org\/2000\/svg\" viewBox=\"0 0 1000 100\" preserveAspectRatio=\"none\">\n\t<path class=\"elementor-shape-fill\" d=\"M500,97C126.7,96.3,0.8,19.8,0,0v100l1000,0V1C1000,19.4,873.3,97.8,500,97z\"\/>\n<\/svg>\t\t<\/div>\n\t\t\t\t\t<div class=\"elementor-container elementor-column-gap-default\">\n\t\t\t\t\t<div class=\"elementor-column elementor-col-100 elementor-top-column elementor-element elementor-element-c1c72ec\" data-id=\"c1c72ec\" data-element_type=\"column\">\n\t\t\t<div class=\"elementor-widget-wrap elementor-element-populated\">\n\t\t\t\t\t\t\t\t<div class=\"elementor-element elementor-element-dff86c4 elementor-invisible elementor-widget elementor-widget-heading\" data-id=\"dff86c4\" data-element_type=\"widget\" data-settings=\"{&quot;_animation&quot;:&quot;slideInDown&quot;}\" data-widget_type=\"heading.default\">\n\t\t\t\t\t\t<div class=\"elementor-widget-container\">\n\t\t\t<h1 class=\"elementor-heading-title elementor-size-default\">Service technique 24\/7<\/h1>\t\t<\/div>\n\t\t\t\t<\/div>\n\t\t\t\t\t<\/div>\n\t\t<\/div>\n\t\t\t\t\t\t\t<\/div>\n\t\t<\/section>\n\t\t\t\t<section class=\"elementor-section elementor-top-section elementor-element elementor-element-c8c8577 elementor-section-boxed elementor-section-height-default elementor-section-height-default\" data-id=\"c8c8577\" data-element_type=\"section\" data-settings=\"{&quot;background_background&quot;:&quot;classic&quot;,&quot;_ha_eqh_enable&quot;:false}\">\n\t\t\t\t\t\t<div class=\"elementor-container elementor-column-gap-default\">\n\t\t\t\t\t<div class=\"elementor-column elementor-col-100 elementor-top-column elementor-element elementor-element-6a2afaf\" data-id=\"6a2afaf\" data-element_type=\"column\">\n\t\t\t<div class=\"elementor-widget-wrap elementor-element-populated\">\n\t\t\t\t\t\t\t\t<section class=\"elementor-section elementor-inner-section elementor-element elementor-element-86796c4 elementor-section-boxed elementor-section-height-default elementor-section-height-default\" data-id=\"86796c4\" data-element_type=\"section\" data-settings=\"{&quot;_ha_eqh_enable&quot;:false}\">\n\t\t\t\t\t\t<div class=\"elementor-container elementor-column-gap-default\">\n\t\t\t\t\t<div class=\"elementor-column elementor-col-33 elementor-inner-column elementor-element elementor-element-b8fc44a\" data-id=\"b8fc44a\" data-element_type=\"column\">\n\t\t\t<div class=\"elementor-widget-wrap\">\n\t\t\t\t\t\t\t\t\t<\/div>\n\t\t<\/div>\n\t\t\t\t<div class=\"elementor-column elementor-col-33 elementor-inner-column elementor-element elementor-element-7059289\" data-id=\"7059289\" data-element_type=\"column\">\n\t\t\t<div class=\"elementor-widget-wrap elementor-element-populated\">\n\t\t\t\t\t\t\t\t<div class=\"elementor-element elementor-element-b7e548f elementor-widget elementor-widget-heading\" data-id=\"b7e548f\" data-element_type=\"widget\" data-widget_type=\"heading.default\">\n\t\t\t\t\t\t<div class=\"elementor-widget-container\">\n\t\t\t<h2 class=\"elementor-heading-title elementor-size-default\">+34 974 275 380<\/h2>\t\t<\/div>\n\t\t\t\t<\/div>\n\t\t\t\t<div class=\"elementor-element elementor-element-52f0112 elementor-widget elementor-widget-text-editor\" data-id=\"52f0112\" data-element_type=\"widget\" data-widget_type=\"text-editor.default\">\n\t\t\t\t\t\t<div class=\"elementor-widget-container\">\n\t\t\t\t\t\t\t<p>974275380@GRUPOTATOMA.COM<\/p>\t\t\t\t\t\t<\/div>\n\t\t\t\t<\/div>\n\t\t\t\t\t<\/div>\n\t\t<\/div>\n\t\t\t\t<div class=\"elementor-column elementor-col-33 elementor-inner-column elementor-element elementor-element-0bd269d\" data-id=\"0bd269d\" data-element_type=\"column\">\n\t\t\t<div class=\"elementor-widget-wrap\">\n\t\t\t\t\t\t\t\t\t<\/div>\n\t\t<\/div>\n\t\t\t\t\t\t\t<\/div>\n\t\t<\/section>\n\t\t\t\t\t<\/div>\n\t\t<\/div>\n\t\t\t\t\t\t\t<\/div>\n\t\t<\/section>\n\t\t\t\t<section class=\"elementor-section elementor-top-section elementor-element elementor-element-51f4ae1 elementor-section-stretched elementor-section-boxed elementor-section-height-default elementor-section-height-default\" data-id=\"51f4ae1\" data-element_type=\"section\" data-settings=\"{&quot;stretch_section&quot;:&quot;section-stretched&quot;,&quot;background_background&quot;:&quot;classic&quot;,&quot;_ha_eqh_enable&quot;:false}\">\n\t\t\t\t\t\t<div class=\"elementor-container elementor-column-gap-default\">\n\t\t\t\t\t<div class=\"elementor-column elementor-col-100 elementor-top-column elementor-element elementor-element-be25cd3\" data-id=\"be25cd3\" data-element_type=\"column\">\n\t\t\t<div class=\"elementor-widget-wrap elementor-element-populated\">\n\t\t\t\t\t\t\t\t<section class=\"elementor-section elementor-inner-section elementor-element elementor-element-2bee138 elementor-section-boxed elementor-section-height-default elementor-section-height-default\" data-id=\"2bee138\" data-element_type=\"section\" data-settings=\"{&quot;_ha_eqh_enable&quot;:&quot;yes&quot;,&quot;_ha_eqh_widget&quot;:[&quot;ha-icon-box&quot;],&quot;_ha_eqh_to&quot;:&quot;widget&quot;,&quot;_ha_eqh_disable_on_tablet&quot;:&quot;no&quot;,&quot;_ha_eqh_disable_on_mobile&quot;:&quot;yes&quot;}\">\n\t\t\t\t\t\t<div class=\"elementor-container elementor-column-gap-extended\">\n\t\t\t\t\t<div class=\"elementor-column elementor-col-33 elementor-inner-column elementor-element elementor-element-69d8a9f\" data-id=\"69d8a9f\" data-element_type=\"column\" data-settings=\"{&quot;background_background&quot;:&quot;classic&quot;}\">\n\t\t\t<div class=\"elementor-widget-wrap elementor-element-populated\">\n\t\t\t\t\t\t\t\t<div class=\"elementor-element elementor-element-8d3bdbd elementor-view-stacked elementor-shape-circle elementor-position-top elementor-mobile-position-top elementor-widget elementor-widget-icon-box\" data-id=\"8d3bdbd\" data-element_type=\"widget\" data-widget_type=\"icon-box.default\">\n\t\t\t\t\t\t<div class=\"elementor-widget-container\">\n\t\t\t\t\t<div class=\"elementor-icon-box-wrapper\">\n\t\t\t\t\t\t<div class=\"elementor-icon-box-icon\">\n\t\t\t\t<a href=\"https:\/\/www.tatomaagro.com\/fr\/contactez-nous\/\" class=\"elementor-icon elementor-animation-pop\" tabindex=\"-1\">\n\t\t\t\t<i aria-hidden=\"true\" class=\"hm hm-tools\"><\/i>\t\t\t\t<\/a>\n\t\t\t<\/div>\n\t\t\t\t\t\t<div class=\"elementor-icon-box-content\">\n\t\t\t\t<h3 class=\"elementor-icon-box-title\">\n\t\t\t\t\t<a href=\"https:\/\/www.tatomaagro.com\/fr\/contactez-nous\/\" >\n\t\t\t\t\t\tService technique\t\t\t\t\t<\/a>\n\t\t\t\t<\/h3>\n\t\t\t\t\t\t\t\t\t<p class=\"elementor-icon-box-description\">\n\t\t\t\t\t\tNotre <strong>engagement envers la qualit\u00e9<\/strong> ne s'arr\u00eate pas lorsque le produit a quitt\u00e9 nos installations.\r\nGr\u00e2ce \u00e0 notre exp\u00e9rience, nous sommes en mesure de faire face \u00e0 tout type d'intervention.\t\t\t\t\t<\/p>\n\t\t\t\t\t\t\t<\/div>\n\t\t<\/div>\n\t\t\t\t<\/div>\n\t\t\t\t<\/div>\n\t\t\t\t\t<\/div>\n\t\t<\/div>\n\t\t\t\t<div class=\"elementor-column elementor-col-33 elementor-inner-column elementor-element elementor-element-6694b76\" data-id=\"6694b76\" data-element_type=\"column\" data-settings=\"{&quot;background_background&quot;:&quot;classic&quot;}\">\n\t\t\t<div class=\"elementor-widget-wrap elementor-element-populated\">\n\t\t\t\t\t\t\t\t<div class=\"elementor-element elementor-element-e42f430 elementor-view-stacked elementor-shape-circle elementor-position-top elementor-mobile-position-top elementor-widget elementor-widget-icon-box\" data-id=\"e42f430\" data-element_type=\"widget\" data-widget_type=\"icon-box.default\">\n\t\t\t\t\t\t<div class=\"elementor-widget-container\">\n\t\t\t\t\t<div class=\"elementor-icon-box-wrapper\">\n\t\t\t\t\t\t<div class=\"elementor-icon-box-icon\">\n\t\t\t\t<a href=\"https:\/\/www.tatomaagro.com\/fr\/contactez-nous\/\" class=\"elementor-icon elementor-animation-pop\" tabindex=\"-1\">\n\t\t\t\t<i aria-hidden=\"true\" class=\"hm hm-cog\"><\/i>\t\t\t\t<\/a>\n\t\t\t<\/div>\n\t\t\t\t\t\t<div class=\"elementor-icon-box-content\">\n\t\t\t\t<h3 class=\"elementor-icon-box-title\">\n\t\t\t\t\t<a href=\"https:\/\/www.tatomaagro.com\/fr\/contactez-nous\/\" >\n\t\t\t\t\t\tPi\u00e8ces de rechange\t\t\t\t\t<\/a>\n\t\t\t\t<\/h3>\n\t\t\t\t\t\t\t\t\t<p class=\"elementor-icon-box-description\">\n\t\t\t\t\t\tNotre <strong>d\u00e9partement des pi\u00e8ces de rechange<\/strong> poss\u00e8de plus de 50 ans d'exp\u00e9rience qui nous permettent de remettre rapidement en service les \u00e9quipements de nos clients.\t\t\t\t\t<\/p>\n\t\t\t\t\t\t\t<\/div>\n\t\t<\/div>\n\t\t\t\t<\/div>\n\t\t\t\t<\/div>\n\t\t\t\t\t<\/div>\n\t\t<\/div>\n\t\t\t\t<div class=\"elementor-column elementor-col-33 elementor-inner-column elementor-element elementor-element-9f4568e\" data-id=\"9f4568e\" data-element_type=\"column\" data-settings=\"{&quot;background_background&quot;:&quot;classic&quot;}\">\n\t\t\t<div class=\"elementor-widget-wrap elementor-element-populated\">\n\t\t\t\t\t\t\t\t<div class=\"elementor-element elementor-element-c06b056 elementor-view-stacked elementor-shape-circle elementor-position-top elementor-mobile-position-top elementor-widget elementor-widget-icon-box\" data-id=\"c06b056\" data-element_type=\"widget\" data-widget_type=\"icon-box.default\">\n\t\t\t\t\t\t<div class=\"elementor-widget-container\">\n\t\t\t\t\t<div class=\"elementor-icon-box-wrapper\">\n\t\t\t\t\t\t<div class=\"elementor-icon-box-icon\">\n\t\t\t\t<a href=\"https:\/\/www.tatomaagro.com\/fr\/contactez-nous\/\" class=\"elementor-icon elementor-animation-pop\" tabindex=\"-1\">\n\t\t\t\t<i aria-hidden=\"true\" class=\"hm hm-file-cabinet\"><\/i>\t\t\t\t<\/a>\n\t\t\t<\/div>\n\t\t\t\t\t\t<div class=\"elementor-icon-box-content\">\n\t\t\t\t<h3 class=\"elementor-icon-box-title\">\n\t\t\t\t\t<a href=\"https:\/\/www.tatomaagro.com\/fr\/contactez-nous\/\" >\n\t\t\t\t\t\tGarantie\t\t\t\t\t<\/a>\n\t\t\t\t<\/h3>\n\t\t\t\t\t\t\t\t\t<p class=\"elementor-icon-box-description\">\n\t\t\t\t\t\tLa <strong>gestion de la garantie<\/strong> a \u00e9t\u00e9 simplifi\u00e9e gr\u00e2ce \u00e0 de nouvelles solutions technologiques dans un portail en ligne qui g\u00e9n\u00e8re une base de donn\u00e9es.\t\t\t\t\t<\/p>\n\t\t\t\t\t\t\t<\/div>\n\t\t<\/div>\n\t\t\t\t<\/div>\n\t\t\t\t<\/div>\n\t\t\t\t\t<\/div>\n\t\t<\/div>\n\t\t\t\t\t\t\t<\/div>\n\t\t<\/section>\n\t\t\t\t\t<\/div>\n\t\t<\/div>\n\t\t\t\t\t\t\t<\/div>\n\t\t<\/section>\n\t\t\t\t\t\t\t<\/div>\n\t\t","protected":false},"excerpt":{"rendered":"<p>Service technique 24\/7 +34 974 275 380 974275380@GRUPOTATOMA.COM Service technique Notre engagement envers la qualit\u00e9 ne s&#8217;arr\u00eate pas lorsque le produit a quitt\u00e9 nos installations. Gr\u00e2ce \u00e0 notre exp\u00e9rience, nous sommes en mesure de faire face \u00e0 tout type d&#8217;intervention. Pi\u00e8ces de rechange Notre d\u00e9partement des pi\u00e8ces de rechange poss\u00e8de plus de 50 ans d&#8217;exp\u00e9rience &hellip;<\/p>\n<p class=\"read-more\"> <a class=\"\" href=\"https:\/\/www.tatomaagro.com\/fr\/service-technique\/\"> <span class=\"screen-reader-text\">Service technique<\/span> Lire la suite\u00a0\u00bb<\/a><\/p>\n","protected":false},"author":1,"featured_media":0,"parent":0,"menu_order":0,"comment_status":"closed","ping_status":"closed","template":"","meta":{"site-sidebar-layout":"no-sidebar","site-content-layout":"page-builder","ast-site-content-layout":"full-width-container","site-content-style":"unboxed","site-sidebar-style":"unboxed","ast-global-header-display":"","ast-banner-title-visibility":"","ast-main-header-display":"","ast-hfb-above-header-display":"","ast-hfb-below-header-display":"","ast-hfb-mobile-header-display":"","site-post-title":"disabled","ast-breadcrumbs-content":"","ast-featured-img":"disabled","footer-sml-layout":"","theme-transparent-header-meta":"default","adv-header-id-meta":"","stick-header-meta":"","header-above-stick-meta":"","header-main-stick-meta":"","header-below-stick-meta":"","astra-migrate-meta-layouts":"set","footnotes":""},"class_list":["post-5409","page","type-page","status-publish","hentry"],"acf":[],"yoast_head":"<!-- This site is optimized with the Yoast SEO plugin v21.3 - https:\/\/yoast.com\/wordpress\/plugins\/seo\/ -->\n<title>Service technique - Tatoma<\/title>\n<meta name=\"robots\" content=\"index, follow, max-snippet:-1, max-image-preview:large, max-video-preview:-1\" \/>\n<link rel=\"canonical\" href=\"https:\/\/www.tatomaagro.com\/fr\/service-technique\/\" \/>\n<meta property=\"og:locale\" content=\"fr_FR\" \/>\n<meta property=\"og:type\" content=\"article\" \/>\n<meta property=\"og:title\" content=\"Service technique - Tatoma\" \/>\n<meta property=\"og:description\" content=\"Service technique 24\/7 +34 974 275 380 974275380@GRUPOTATOMA.COM Service technique Notre engagement envers la qualit\u00e9 ne s&#8217;arr\u00eate pas lorsque le produit a quitt\u00e9 nos installations. Gr\u00e2ce \u00e0 notre exp\u00e9rience, nous sommes en mesure de faire face \u00e0 tout type d&#8217;intervention. Pi\u00e8ces de rechange Notre d\u00e9partement des pi\u00e8ces de rechange poss\u00e8de plus de 50 ans d&#8217;exp\u00e9rience &hellip; Service technique Lire la suite\u00a0\u00bb\" \/>\n<meta property=\"og:url\" content=\"https:\/\/www.tatomaagro.com\/fr\/service-technique\/\" \/>\n<meta property=\"og:site_name\" content=\"Tatoma\" \/>\n<meta property=\"article:modified_time\" content=\"2025-07-06T09:07:02+00:00\" \/>\n<meta name=\"twitter:card\" content=\"summary_large_image\" \/>\n<meta name=\"twitter:label1\" content=\"Dur\u00e9e de lecture estim\u00e9e\" \/>\n\t<meta name=\"twitter:data1\" content=\"1 minute\" \/>\n<script type=\"application\/ld+json\" class=\"yoast-schema-graph\">{\"@context\":\"https:\/\/schema.org\",\"@graph\":[{\"@type\":\"WebPage\",\"@id\":\"https:\/\/www.tatomaagro.com\/fr\/service-technique\/\",\"url\":\"https:\/\/www.tatomaagro.com\/fr\/service-technique\/\",\"name\":\"Service technique - Tatoma\",\"isPartOf\":{\"@id\":\"https:\/\/www.tatomaagro.com\/fr\/#website\"},\"datePublished\":\"2022-07-11T14:31:57+00:00\",\"dateModified\":\"2025-07-06T09:07:02+00:00\",\"inLanguage\":\"fr-FR\",\"potentialAction\":[{\"@type\":\"ReadAction\",\"target\":[\"https:\/\/www.tatomaagro.com\/fr\/service-technique\/\"]}]},{\"@type\":\"WebSite\",\"@id\":\"https:\/\/www.tatomaagro.com\/fr\/#website\",\"url\":\"https:\/\/www.tatomaagro.com\/fr\/\",\"name\":\"Tatoma\",\"description\":\"Division AGRO Groupe Tatoma\",\"publisher\":{\"@id\":\"https:\/\/www.tatomaagro.com\/fr\/#organization\"},\"potentialAction\":[{\"@type\":\"SearchAction\",\"target\":{\"@type\":\"EntryPoint\",\"urlTemplate\":\"https:\/\/www.tatomaagro.com\/fr\/?s={search_term_string}\"},\"query-input\":\"required name=search_term_string\"}],\"inLanguage\":\"fr-FR\"},{\"@type\":\"Organization\",\"@id\":\"https:\/\/www.tatomaagro.com\/fr\/#organization\",\"name\":\"Tatoma\",\"url\":\"https:\/\/www.tatomaagro.com\/fr\/\",\"logo\":{\"@type\":\"ImageObject\",\"inLanguage\":\"fr-FR\",\"@id\":\"https:\/\/www.tatomaagro.com\/fr\/#\/schema\/logo\/image\/\",\"url\":\"https:\/\/www.tatomaagro.com\/wp-content\/uploads\/2021\/10\/logo-tatoma.png\",\"contentUrl\":\"https:\/\/www.tatomaagro.com\/wp-content\/uploads\/2021\/10\/logo-tatoma.png\",\"width\":182,\"height\":84,\"caption\":\"Tatoma\"},\"image\":{\"@id\":\"https:\/\/www.tatomaagro.com\/fr\/#\/schema\/logo\/image\/\"}}]}<\/script>\n<!-- \/ Yoast SEO plugin. -->","yoast_head_json":{"title":"Service technique - Tatoma","robots":{"index":"index","follow":"follow","max-snippet":"max-snippet:-1","max-image-preview":"max-image-preview:large","max-video-preview":"max-video-preview:-1"},"canonical":"https:\/\/www.tatomaagro.com\/fr\/service-technique\/","og_locale":"fr_FR","og_type":"article","og_title":"Service technique - Tatoma","og_description":"Service technique 24\/7 +34 974 275 380 974275380@GRUPOTATOMA.COM Service technique Notre engagement envers la qualit\u00e9 ne s&#8217;arr\u00eate pas lorsque le produit a quitt\u00e9 nos installations. Gr\u00e2ce \u00e0 notre exp\u00e9rience, nous sommes en mesure de faire face \u00e0 tout type d&#8217;intervention. Pi\u00e8ces de rechange Notre d\u00e9partement des pi\u00e8ces de rechange poss\u00e8de plus de 50 ans d&#8217;exp\u00e9rience &hellip; Service technique Lire la suite\u00a0\u00bb","og_url":"https:\/\/www.tatomaagro.com\/fr\/service-technique\/","og_site_name":"Tatoma","article_modified_time":"2025-07-06T09:07:02+00:00","twitter_card":"summary_large_image","twitter_misc":{"Dur\u00e9e de lecture estim\u00e9e":"1 minute"},"schema":{"@context":"https:\/\/schema.org","@graph":[{"@type":"WebPage","@id":"https:\/\/www.tatomaagro.com\/fr\/service-technique\/","url":"https:\/\/www.tatomaagro.com\/fr\/service-technique\/","name":"Service technique - Tatoma","isPartOf":{"@id":"https:\/\/www.tatomaagro.com\/fr\/#website"},"datePublished":"2022-07-11T14:31:57+00:00","dateModified":"2025-07-06T09:07:02+00:00","inLanguage":"fr-FR","potentialAction":[{"@type":"ReadAction","target":["https:\/\/www.tatomaagro.com\/fr\/service-technique\/"]}]},{"@type":"WebSite","@id":"https:\/\/www.tatomaagro.com\/fr\/#website","url":"https:\/\/www.tatomaagro.com\/fr\/","name":"Tatoma","description":"Division AGRO Groupe Tatoma","publisher":{"@id":"https:\/\/www.tatomaagro.com\/fr\/#organization"},"potentialAction":[{"@type":"SearchAction","target":{"@type":"EntryPoint","urlTemplate":"https:\/\/www.tatomaagro.com\/fr\/?s={search_term_string}"},"query-input":"required name=search_term_string"}],"inLanguage":"fr-FR"},{"@type":"Organization","@id":"https:\/\/www.tatomaagro.com\/fr\/#organization","name":"Tatoma","url":"https:\/\/www.tatomaagro.com\/fr\/","logo":{"@type":"ImageObject","inLanguage":"fr-FR","@id":"https:\/\/www.tatomaagro.com\/fr\/#\/schema\/logo\/image\/","url":"https:\/\/www.tatomaagro.com\/wp-content\/uploads\/2021\/10\/logo-tatoma.png","contentUrl":"https:\/\/www.tatomaagro.com\/wp-content\/uploads\/2021\/10\/logo-tatoma.png","width":182,"height":84,"caption":"Tatoma"},"image":{"@id":"https:\/\/www.tatomaagro.com\/fr\/#\/schema\/logo\/image\/"}}]}},"_links":{"self":[{"href":"https:\/\/www.tatomaagro.com\/fr\/wp-json\/wp\/v2\/pages\/5409","targetHints":{"allow":["GET"]}}],"collection":[{"href":"https:\/\/www.tatomaagro.com\/fr\/wp-json\/wp\/v2\/pages"}],"about":[{"href":"https:\/\/www.tatomaagro.com\/fr\/wp-json\/wp\/v2\/types\/page"}],"author":[{"embeddable":true,"href":"https:\/\/www.tatomaagro.com\/fr\/wp-json\/wp\/v2\/users\/1"}],"replies":[{"embeddable":true,"href":"https:\/\/www.tatomaagro.com\/fr\/wp-json\/wp\/v2\/comments?post=5409"}],"version-history":[{"count":24,"href":"https:\/\/www.tatomaagro.com\/fr\/wp-json\/wp\/v2\/pages\/5409\/revisions"}],"predecessor-version":[{"id":15039,"href":"https:\/\/www.tatomaagro.com\/fr\/wp-json\/wp\/v2\/pages\/5409\/revisions\/15039"}],"wp:attachment":[{"href":"https:\/\/www.tatomaagro.com\/fr\/wp-json\/wp\/v2\/media?parent=5409"}],"curies":[{"name":"wp","href":"https:\/\/api.w.org\/{rel}","templated":true}]}}