{"id":5406,"date":"2021-10-18T14:13:21","date_gmt":"2021-10-18T12:13:21","guid":{"rendered":"https:\/\/www.tatomaagro.com\/noticias\/"},"modified":"2023-09-11T16:39:51","modified_gmt":"2023-09-11T14:39:51","slug":"informations","status":"publish","type":"page","link":"https:\/\/www.tatomaagro.com\/fr\/informations\/","title":{"rendered":"Informations"},"content":{"rendered":"\t\t<div data-elementor-type=\"wp-page\" data-elementor-id=\"5406\" class=\"elementor elementor-5406 elementor-751\" data-elementor-post-type=\"page\">\n\t\t\t\t\t\t\t\t\t<section class=\"elementor-section elementor-top-section elementor-element elementor-element-d59885f elementor-section-height-min-height elementor-section-items-bottom elementor-section-boxed elementor-section-height-default\" data-id=\"d59885f\" data-element_type=\"section\" data-settings=\"{&quot;background_background&quot;:&quot;classic&quot;,&quot;shape_divider_bottom&quot;:&quot;curve&quot;,&quot;shape_divider_bottom_negative&quot;:&quot;yes&quot;,&quot;_ha_eqh_enable&quot;:false}\">\n\t\t\t\t\t\t\t<div class=\"elementor-background-overlay\"><\/div>\n\t\t\t\t\t\t<div class=\"elementor-shape elementor-shape-bottom\" data-negative=\"true\">\n\t\t\t<svg xmlns=\"http:\/\/www.w3.org\/2000\/svg\" viewBox=\"0 0 1000 100\" preserveAspectRatio=\"none\">\n\t<path class=\"elementor-shape-fill\" d=\"M500,97C126.7,96.3,0.8,19.8,0,0v100l1000,0V1C1000,19.4,873.3,97.8,500,97z\"\/>\n<\/svg>\t\t<\/div>\n\t\t\t\t\t<div class=\"elementor-container elementor-column-gap-default\">\n\t\t\t\t\t<div class=\"elementor-column elementor-col-100 elementor-top-column elementor-element elementor-element-bd7a307\" data-id=\"bd7a307\" data-element_type=\"column\">\n\t\t\t<div class=\"elementor-widget-wrap elementor-element-populated\">\n\t\t\t\t\t\t\t\t<div class=\"elementor-element elementor-element-d8e695f elementor-invisible elementor-widget elementor-widget-heading\" data-id=\"d8e695f\" data-element_type=\"widget\" data-settings=\"{&quot;_animation&quot;:&quot;slideInDown&quot;}\" data-widget_type=\"heading.default\">\n\t\t\t\t\t\t<div class=\"elementor-widget-container\">\n\t\t\t<h1 class=\"elementor-heading-title elementor-size-default\">Informations<\/h1>\t\t<\/div>\n\t\t\t\t<\/div>\n\t\t\t\t\t<\/div>\n\t\t<\/div>\n\t\t\t\t\t\t\t<\/div>\n\t\t<\/section>\n\t\t\t\t<section class=\"elementor-section elementor-top-section elementor-element elementor-element-033a064 elementor-section-full_width elementor-section-height-default elementor-section-height-default\" data-id=\"033a064\" data-element_type=\"section\" data-settings=\"{&quot;background_background&quot;:&quot;classic&quot;,&quot;_ha_eqh_enable&quot;:false}\">\n\t\t\t\t\t\t\t<div class=\"elementor-background-overlay\"><\/div>\n\t\t\t\t\t\t\t<div class=\"elementor-container elementor-column-gap-default\">\n\t\t\t\t\t<div class=\"elementor-column elementor-col-100 elementor-top-column elementor-element elementor-element-0f37b98\" data-id=\"0f37b98\" data-element_type=\"column\">\n\t\t\t<div class=\"elementor-widget-wrap elementor-element-populated\">\n\t\t\t\t\t\t\t\t<div class=\"elementor-element elementor-element-d7b8bf1 elementor-posts--thumbnail-top elementor-grid-3 elementor-grid-tablet-2 elementor-grid-mobile-1 elementor-widget elementor-widget-posts\" data-id=\"d7b8bf1\" data-element_type=\"widget\" data-settings=\"{&quot;custom_row_gap&quot;:{&quot;unit&quot;:&quot;px&quot;,&quot;size&quot;:24,&quot;sizes&quot;:[]},&quot;custom_columns&quot;:&quot;3&quot;,&quot;custom_columns_tablet&quot;:&quot;2&quot;,&quot;custom_columns_mobile&quot;:&quot;1&quot;,&quot;custom_row_gap_tablet&quot;:{&quot;unit&quot;:&quot;px&quot;,&quot;size&quot;:&quot;&quot;,&quot;sizes&quot;:[]},&quot;custom_row_gap_mobile&quot;:{&quot;unit&quot;:&quot;px&quot;,&quot;size&quot;:&quot;&quot;,&quot;sizes&quot;:[]}}\" data-widget_type=\"posts.custom\">\n\t\t\t\t\t\t<div class=\"elementor-widget-container\">\n\t\t\t      <div class=\"ecs-posts elementor-posts-container elementor-posts   elementor-grid elementor-posts--skin-custom\" data-settings=\"{&quot;current_page&quot;:1,&quot;max_num_pages&quot;:1,&quot;load_method&quot;:&quot;&quot;,&quot;widget_id&quot;:&quot;d7b8bf1&quot;,&quot;post_id&quot;:5406,&quot;theme_id&quot;:5406,&quot;change_url&quot;:false,&quot;reinit_js&quot;:false}\">\n      \t\t<article id=\"post-8100\" class=\"elementor-post elementor-grid-item ecs-post-loop post-8100 post type-post status-publish format-standard has-post-thumbnail hentry category-non-classifiee\">\n\t\t\t\t<div data-elementor-type=\"loop\" data-elementor-id=\"7782\" class=\"elementor elementor-7782 elementor-697 post-8100 post type-post status-publish format-standard has-post-thumbnail hentry category-non-classifiee ast-article-single\" data-elementor-post-type=\"elementor_library\">\n\t\t\t\t\t\t\t\t<section data-ha-element-link=\"{&quot;url&quot;:&quot;https:\\\/\\\/www.tatomaagro.com\\\/fr\\\/decouvrez-la-nouvelle-gamme-de-pailleuses-pour-lepandage-de-litiere-de-tatoma\\\/&quot;,&quot;is_external&quot;:&quot;&quot;,&quot;nofollow&quot;:&quot;&quot;,&quot;custom_attributes&quot;:&quot;&quot;}\" style=\"cursor: pointer\" class=\"elementor-section elementor-top-section elementor-element elementor-element-d9cbed3 elementor-section-full_width elementor-section-height-default elementor-section-height-default\" data-id=\"d9cbed3\" data-element_type=\"section\" data-settings=\"{&quot;background_background&quot;:&quot;classic&quot;,&quot;_ha_eqh_enable&quot;:false}\">\n\t\t\t\t\t\t<div class=\"elementor-container elementor-column-gap-default\">\n\t\t\t<style> @media {#post-8100 .elementor-7782 .elementor-element.elementor-element-2de1f94:not(.elementor-motion-effects-element-type-background) > .elementor-widget-wrap, #post-8100 .elementor-7782 .elementor-element.elementor-element-2de1f94 > .elementor-widget-wrap > .elementor-motion-effects-container > .elementor-motion-effects-layer{background-image: url(\"https:\/\/www.tatomaagro.com\/wp-content\/uploads\/2021\/10\/encamadoras.jpg\");}}<\/style>\t\t<div class=\"elementor-column elementor-col-100 elementor-top-column elementor-element elementor-element-2de1f94\" data-id=\"2de1f94\" data-element_type=\"column\" data-settings=\"{&quot;background_background&quot;:&quot;classic&quot;}\">\n\t\t\t<div class=\"elementor-widget-wrap elementor-element-populated\">\n\t\t\t\t\t<div class=\"elementor-background-overlay\"><\/div>\n\t\t\t\t\t\t\t\t<div class=\"elementor-element elementor-element-9e4839c elementor-widget elementor-widget-spacer\" data-id=\"9e4839c\" data-element_type=\"widget\" data-widget_type=\"spacer.default\">\n\t\t\t\t\t\t<div class=\"elementor-widget-container\">\n\t\t\t\t\t<div class=\"elementor-spacer\">\n\t\t\t<div class=\"elementor-spacer-inner\"><\/div>\n\t\t<\/div>\n\t\t\t\t<\/div>\n\t\t\t\t<\/div>\n\t\t\t\t<section class=\"elementor-section elementor-inner-section elementor-element elementor-element-79798b9 elementor-section-height-min-height elementor-section-boxed elementor-section-height-default\" data-id=\"79798b9\" data-element_type=\"section\" data-settings=\"{&quot;background_background&quot;:&quot;classic&quot;,&quot;_ha_eqh_enable&quot;:false}\">\n\t\t\t\t\t\t<div class=\"elementor-container elementor-column-gap-default\">\n\t\t\t\t\t<div class=\"elementor-column elementor-col-100 elementor-inner-column elementor-element elementor-element-07ebc58\" data-id=\"07ebc58\" data-element_type=\"column\">\n\t\t\t<div class=\"elementor-widget-wrap elementor-element-populated\">\n\t\t\t\t\t\t\t\t<div class=\"elementor-element elementor-element-9ca9e8b elementor-widget elementor-widget-theme-post-title elementor-page-title elementor-widget-heading\" data-id=\"9ca9e8b\" data-element_type=\"widget\" data-widget_type=\"theme-post-title.default\">\n\t\t\t\t\t\t<div class=\"elementor-widget-container\">\n\t\t\t<h4 class=\"elementor-heading-title elementor-size-default\"><a href=\"https:\/\/www.tatomaagro.com\/fr\/decouvrez-la-nouvelle-gamme-de-pailleuses-pour-lepandage-de-litiere-de-tatoma\/\">D\u00e9couvrez la nouvelle gamme de pailleuses pour l&#8217;\u00e9pandage de liti\u00e8re de Tatoma<\/a><\/h4>\t\t<\/div>\n\t\t\t\t<\/div>\n\t\t\t\t<div class=\"elementor-element elementor-element-d2fc08c elementor-align-center elementor-widget elementor-widget-post-info\" data-id=\"d2fc08c\" data-element_type=\"widget\" data-widget_type=\"post-info.default\">\n\t\t\t\t\t\t<div class=\"elementor-widget-container\">\n\t\t\t\t\t<ul class=\"elementor-inline-items elementor-icon-list-items elementor-post-info\">\n\t\t\t\t\t\t\t\t<li class=\"elementor-icon-list-item elementor-repeater-item-3ed062d elementor-inline-item\" itemprop=\"datePublished\">\n\t\t\t\t\t\t<a href=\"https:\/\/www.tatomaagro.com\/fr\/2021\/10\/18\/\">\n\t\t\t\t\t\t\t\t\t\t\t<span class=\"elementor-icon-list-icon\">\n\t\t\t\t\t\t\t\t<i aria-hidden=\"true\" class=\"fas fa-calendar\"><\/i>\t\t\t\t\t\t\t<\/span>\n\t\t\t\t\t\t\t\t\t<span class=\"elementor-icon-list-text elementor-post-info__item elementor-post-info__item--type-date\">\n\t\t\t\t\t\t\t\t\t\t18\/10\/2021\t\t\t\t\t<\/span>\n\t\t\t\t\t\t\t\t\t<\/a>\n\t\t\t\t<\/li>\n\t\t\t\t<li class=\"elementor-icon-list-item elementor-repeater-item-ab68aa2 elementor-inline-item\">\n\t\t\t\t\t\t\t\t\t\t<span class=\"elementor-icon-list-icon\">\n\t\t\t\t\t\t\t\t<i aria-hidden=\"true\" class=\"far fa-clock\"><\/i>\t\t\t\t\t\t\t<\/span>\n\t\t\t\t\t\t\t\t\t<span class=\"elementor-icon-list-text elementor-post-info__item elementor-post-info__item--type-time\">\n\t\t\t\t\t\t\t\t\t\t1:04 pm\t\t\t\t\t<\/span>\n\t\t\t\t\t\t\t\t<\/li>\n\t\t\t\t<\/ul>\n\t\t\t\t<\/div>\n\t\t\t\t<\/div>\n\t\t\t\t\t<\/div>\n\t\t<\/div>\n\t\t\t\t\t\t\t<\/div>\n\t\t<\/section>\n\t\t\t\t\t<\/div>\n\t\t<\/div>\n\t\t\t\t\t\t\t<\/div>\n\t\t<\/section>\n\t\t\t\t\t\t<\/div>\n\t\t\t\t<\/article>\n\t\t\t\t<article id=\"post-8098\" class=\"elementor-post elementor-grid-item ecs-post-loop post-8098 post type-post status-publish format-standard has-post-thumbnail hentry category-non-classifiee\">\n\t\t\t\t<div data-elementor-type=\"loop\" data-elementor-id=\"7782\" class=\"elementor elementor-7782 elementor-697 post-8098 post type-post status-publish format-standard has-post-thumbnail hentry category-non-classifiee ast-article-single\" data-elementor-post-type=\"elementor_library\">\n\t\t\t\t\t\t\t\t<section data-ha-element-link=\"{&quot;url&quot;:&quot;https:\\\/\\\/www.tatomaagro.com\\\/fr\\\/notre-participation-au-salon-figan-2021\\\/&quot;,&quot;is_external&quot;:&quot;&quot;,&quot;nofollow&quot;:&quot;&quot;,&quot;custom_attributes&quot;:&quot;&quot;}\" style=\"cursor: pointer\" class=\"elementor-section elementor-top-section elementor-element elementor-element-d9cbed3 elementor-section-full_width elementor-section-height-default elementor-section-height-default\" data-id=\"d9cbed3\" data-element_type=\"section\" data-settings=\"{&quot;background_background&quot;:&quot;classic&quot;,&quot;_ha_eqh_enable&quot;:false}\">\n\t\t\t\t\t\t<div class=\"elementor-container elementor-column-gap-default\">\n\t\t\t<style> @media {#post-8098 .elementor-7782 .elementor-element.elementor-element-2de1f94:not(.elementor-motion-effects-element-type-background) > .elementor-widget-wrap, #post-8098 .elementor-7782 .elementor-element.elementor-element-2de1f94 > .elementor-widget-wrap > .elementor-motion-effects-container > .elementor-motion-effects-layer{background-image: url(\"https:\/\/www.tatomaagro.com\/wp-content\/uploads\/2021\/10\/Tatoma_Figan-2021_316100es.jpg\");}}<\/style>\t\t<div class=\"elementor-column elementor-col-100 elementor-top-column elementor-element elementor-element-2de1f94\" data-id=\"2de1f94\" data-element_type=\"column\" data-settings=\"{&quot;background_background&quot;:&quot;classic&quot;}\">\n\t\t\t<div class=\"elementor-widget-wrap elementor-element-populated\">\n\t\t\t\t\t<div class=\"elementor-background-overlay\"><\/div>\n\t\t\t\t\t\t\t\t<div class=\"elementor-element elementor-element-9e4839c elementor-widget elementor-widget-spacer\" data-id=\"9e4839c\" data-element_type=\"widget\" data-widget_type=\"spacer.default\">\n\t\t\t\t\t\t<div class=\"elementor-widget-container\">\n\t\t\t\t\t<div class=\"elementor-spacer\">\n\t\t\t<div class=\"elementor-spacer-inner\"><\/div>\n\t\t<\/div>\n\t\t\t\t<\/div>\n\t\t\t\t<\/div>\n\t\t\t\t<section class=\"elementor-section elementor-inner-section elementor-element elementor-element-79798b9 elementor-section-height-min-height elementor-section-boxed elementor-section-height-default\" data-id=\"79798b9\" data-element_type=\"section\" data-settings=\"{&quot;background_background&quot;:&quot;classic&quot;,&quot;_ha_eqh_enable&quot;:false}\">\n\t\t\t\t\t\t<div class=\"elementor-container elementor-column-gap-default\">\n\t\t\t\t\t<div class=\"elementor-column elementor-col-100 elementor-inner-column elementor-element elementor-element-07ebc58\" data-id=\"07ebc58\" data-element_type=\"column\">\n\t\t\t<div class=\"elementor-widget-wrap elementor-element-populated\">\n\t\t\t\t\t\t\t\t<div class=\"elementor-element elementor-element-9ca9e8b elementor-widget elementor-widget-theme-post-title elementor-page-title elementor-widget-heading\" data-id=\"9ca9e8b\" data-element_type=\"widget\" data-widget_type=\"theme-post-title.default\">\n\t\t\t\t\t\t<div class=\"elementor-widget-container\">\n\t\t\t<h4 class=\"elementor-heading-title elementor-size-default\"><a href=\"https:\/\/www.tatomaagro.com\/fr\/notre-participation-au-salon-figan-2021\/\">Notre participation au Salon FIGAN 2021<\/a><\/h4>\t\t<\/div>\n\t\t\t\t<\/div>\n\t\t\t\t<div class=\"elementor-element elementor-element-d2fc08c elementor-align-center elementor-widget elementor-widget-post-info\" data-id=\"d2fc08c\" data-element_type=\"widget\" data-widget_type=\"post-info.default\">\n\t\t\t\t\t\t<div class=\"elementor-widget-container\">\n\t\t\t\t\t<ul class=\"elementor-inline-items elementor-icon-list-items elementor-post-info\">\n\t\t\t\t\t\t\t\t<li class=\"elementor-icon-list-item elementor-repeater-item-3ed062d elementor-inline-item\" itemprop=\"datePublished\">\n\t\t\t\t\t\t<a href=\"https:\/\/www.tatomaagro.com\/fr\/2021\/10\/18\/\">\n\t\t\t\t\t\t\t\t\t\t\t<span class=\"elementor-icon-list-icon\">\n\t\t\t\t\t\t\t\t<i aria-hidden=\"true\" class=\"fas fa-calendar\"><\/i>\t\t\t\t\t\t\t<\/span>\n\t\t\t\t\t\t\t\t\t<span class=\"elementor-icon-list-text elementor-post-info__item elementor-post-info__item--type-date\">\n\t\t\t\t\t\t\t\t\t\t18\/10\/2021\t\t\t\t\t<\/span>\n\t\t\t\t\t\t\t\t\t<\/a>\n\t\t\t\t<\/li>\n\t\t\t\t<li class=\"elementor-icon-list-item elementor-repeater-item-ab68aa2 elementor-inline-item\">\n\t\t\t\t\t\t\t\t\t\t<span class=\"elementor-icon-list-icon\">\n\t\t\t\t\t\t\t\t<i aria-hidden=\"true\" class=\"far fa-clock\"><\/i>\t\t\t\t\t\t\t<\/span>\n\t\t\t\t\t\t\t\t\t<span class=\"elementor-icon-list-text elementor-post-info__item elementor-post-info__item--type-time\">\n\t\t\t\t\t\t\t\t\t\t12:17 pm\t\t\t\t\t<\/span>\n\t\t\t\t\t\t\t\t<\/li>\n\t\t\t\t<\/ul>\n\t\t\t\t<\/div>\n\t\t\t\t<\/div>\n\t\t\t\t\t<\/div>\n\t\t<\/div>\n\t\t\t\t\t\t\t<\/div>\n\t\t<\/section>\n\t\t\t\t\t<\/div>\n\t\t<\/div>\n\t\t\t\t\t\t\t<\/div>\n\t\t<\/section>\n\t\t\t\t\t\t<\/div>\n\t\t\t\t<\/article>\n\t\t\t\t<article id=\"post-8099\" class=\"elementor-post elementor-grid-item ecs-post-loop post-8099 post type-post status-publish format-standard has-post-thumbnail hentry category-non-classifiee\">\n\t\t\t\t<div data-elementor-type=\"loop\" data-elementor-id=\"7782\" class=\"elementor elementor-7782 elementor-697 post-8099 post type-post status-publish format-standard has-post-thumbnail hentry category-non-classifiee ast-article-single\" data-elementor-post-type=\"elementor_library\">\n\t\t\t\t\t\t\t\t<section data-ha-element-link=\"{&quot;url&quot;:&quot;https:\\\/\\\/www.tatomaagro.com\\\/fr\\\/tatoma-participe-activement-a-un-certain-nombre-de-projets-cles-pour-la-transition-industrielle\\\/&quot;,&quot;is_external&quot;:&quot;&quot;,&quot;nofollow&quot;:&quot;&quot;,&quot;custom_attributes&quot;:&quot;&quot;}\" style=\"cursor: pointer\" class=\"elementor-section elementor-top-section elementor-element elementor-element-d9cbed3 elementor-section-full_width elementor-section-height-default elementor-section-height-default\" data-id=\"d9cbed3\" data-element_type=\"section\" data-settings=\"{&quot;background_background&quot;:&quot;classic&quot;,&quot;_ha_eqh_enable&quot;:false}\">\n\t\t\t\t\t\t<div class=\"elementor-container elementor-column-gap-default\">\n\t\t\t<style> @media {#post-8099 .elementor-7782 .elementor-element.elementor-element-2de1f94:not(.elementor-motion-effects-element-type-background) > .elementor-widget-wrap, #post-8099 .elementor-7782 .elementor-element.elementor-element-2de1f94 > .elementor-widget-wrap > .elementor-motion-effects-container > .elementor-motion-effects-layer{background-image: url(\"https:\/\/www.tatomaagro.com\/wp-content\/uploads\/2021\/10\/proyectos-clave-innovacion_tatoma_2_313100es.jpg\");}}<\/style>\t\t<div class=\"elementor-column elementor-col-100 elementor-top-column elementor-element elementor-element-2de1f94\" data-id=\"2de1f94\" data-element_type=\"column\" data-settings=\"{&quot;background_background&quot;:&quot;classic&quot;}\">\n\t\t\t<div class=\"elementor-widget-wrap elementor-element-populated\">\n\t\t\t\t\t<div class=\"elementor-background-overlay\"><\/div>\n\t\t\t\t\t\t\t\t<div class=\"elementor-element elementor-element-9e4839c elementor-widget elementor-widget-spacer\" data-id=\"9e4839c\" data-element_type=\"widget\" data-widget_type=\"spacer.default\">\n\t\t\t\t\t\t<div class=\"elementor-widget-container\">\n\t\t\t\t\t<div class=\"elementor-spacer\">\n\t\t\t<div class=\"elementor-spacer-inner\"><\/div>\n\t\t<\/div>\n\t\t\t\t<\/div>\n\t\t\t\t<\/div>\n\t\t\t\t<section class=\"elementor-section elementor-inner-section elementor-element elementor-element-79798b9 elementor-section-height-min-height elementor-section-boxed elementor-section-height-default\" data-id=\"79798b9\" data-element_type=\"section\" data-settings=\"{&quot;background_background&quot;:&quot;classic&quot;,&quot;_ha_eqh_enable&quot;:false}\">\n\t\t\t\t\t\t<div class=\"elementor-container elementor-column-gap-default\">\n\t\t\t\t\t<div class=\"elementor-column elementor-col-100 elementor-inner-column elementor-element elementor-element-07ebc58\" data-id=\"07ebc58\" data-element_type=\"column\">\n\t\t\t<div class=\"elementor-widget-wrap elementor-element-populated\">\n\t\t\t\t\t\t\t\t<div class=\"elementor-element elementor-element-9ca9e8b elementor-widget elementor-widget-theme-post-title elementor-page-title elementor-widget-heading\" data-id=\"9ca9e8b\" data-element_type=\"widget\" data-widget_type=\"theme-post-title.default\">\n\t\t\t\t\t\t<div class=\"elementor-widget-container\">\n\t\t\t<h4 class=\"elementor-heading-title elementor-size-default\"><a href=\"https:\/\/www.tatomaagro.com\/fr\/tatoma-participe-activement-a-un-certain-nombre-de-projets-cles-pour-la-transition-industrielle\/\">Tatoma participe activement \u00e0 un certain nombre de projets cl\u00e9s pour la transition industrielle<\/a><\/h4>\t\t<\/div>\n\t\t\t\t<\/div>\n\t\t\t\t<div class=\"elementor-element elementor-element-d2fc08c elementor-align-center elementor-widget elementor-widget-post-info\" data-id=\"d2fc08c\" data-element_type=\"widget\" data-widget_type=\"post-info.default\">\n\t\t\t\t\t\t<div class=\"elementor-widget-container\">\n\t\t\t\t\t<ul class=\"elementor-inline-items elementor-icon-list-items elementor-post-info\">\n\t\t\t\t\t\t\t\t<li class=\"elementor-icon-list-item elementor-repeater-item-3ed062d elementor-inline-item\" itemprop=\"datePublished\">\n\t\t\t\t\t\t<a href=\"https:\/\/www.tatomaagro.com\/fr\/2021\/10\/16\/\">\n\t\t\t\t\t\t\t\t\t\t\t<span class=\"elementor-icon-list-icon\">\n\t\t\t\t\t\t\t\t<i aria-hidden=\"true\" class=\"fas fa-calendar\"><\/i>\t\t\t\t\t\t\t<\/span>\n\t\t\t\t\t\t\t\t\t<span class=\"elementor-icon-list-text elementor-post-info__item elementor-post-info__item--type-date\">\n\t\t\t\t\t\t\t\t\t\t16\/10\/2021\t\t\t\t\t<\/span>\n\t\t\t\t\t\t\t\t\t<\/a>\n\t\t\t\t<\/li>\n\t\t\t\t<li class=\"elementor-icon-list-item elementor-repeater-item-ab68aa2 elementor-inline-item\">\n\t\t\t\t\t\t\t\t\t\t<span class=\"elementor-icon-list-icon\">\n\t\t\t\t\t\t\t\t<i aria-hidden=\"true\" class=\"far fa-clock\"><\/i>\t\t\t\t\t\t\t<\/span>\n\t\t\t\t\t\t\t\t\t<span class=\"elementor-icon-list-text elementor-post-info__item elementor-post-info__item--type-time\">\n\t\t\t\t\t\t\t\t\t\t1:04 pm\t\t\t\t\t<\/span>\n\t\t\t\t\t\t\t\t<\/li>\n\t\t\t\t<\/ul>\n\t\t\t\t<\/div>\n\t\t\t\t<\/div>\n\t\t\t\t\t<\/div>\n\t\t<\/div>\n\t\t\t\t\t\t\t<\/div>\n\t\t<\/section>\n\t\t\t\t\t<\/div>\n\t\t<\/div>\n\t\t\t\t\t\t\t<\/div>\n\t\t<\/section>\n\t\t\t\t\t\t<\/div>\n\t\t\t\t<\/article>\n\t\t\t\t<\/div>\n\t\t\t\t<\/div>\n\t\t\t\t<\/div>\n\t\t\t\t\t<\/div>\n\t\t<\/div>\n\t\t\t\t\t\t\t<\/div>\n\t\t<\/section>\n\t\t\t\t\t\t\t<\/div>\n\t\t","protected":false},"excerpt":{"rendered":"<p>Informations<\/p>\n","protected":false},"author":1,"featured_media":0,"parent":0,"menu_order":0,"comment_status":"closed","ping_status":"closed","template":"","meta":{"site-sidebar-layout":"no-sidebar","site-content-layout":"page-builder","ast-site-content-layout":"","site-content-style":"default","site-sidebar-style":"default","ast-global-header-display":"","ast-banner-title-visibility":"","ast-main-header-display":"","ast-hfb-above-header-display":"","ast-hfb-below-header-display":"","ast-hfb-mobile-header-display":"","site-post-title":"disabled","ast-breadcrumbs-content":"","ast-featured-img":"disabled","footer-sml-layout":"","theme-transparent-header-meta":"default","adv-header-id-meta":"","stick-header-meta":"","header-above-stick-meta":"","header-main-stick-meta":"","header-below-stick-meta":"","astra-migrate-meta-layouts":"","footnotes":""},"class_list":["post-5406","page","type-page","status-publish","hentry"],"acf":[],"yoast_head":"<!-- This site is optimized with the Yoast SEO plugin v21.3 - https:\/\/yoast.com\/wordpress\/plugins\/seo\/ -->\n<title>Informations - Tatoma<\/title>\n<meta name=\"robots\" content=\"index, follow, max-snippet:-1, max-image-preview:large, max-video-preview:-1\" \/>\n<link rel=\"canonical\" href=\"https:\/\/www.tatomaagro.com\/fr\/informations\/\" \/>\n<meta property=\"og:locale\" content=\"fr_FR\" \/>\n<meta property=\"og:type\" content=\"article\" \/>\n<meta property=\"og:title\" content=\"Informations - Tatoma\" \/>\n<meta property=\"og:description\" content=\"Informations\" \/>\n<meta property=\"og:url\" content=\"https:\/\/www.tatomaagro.com\/fr\/informations\/\" \/>\n<meta property=\"og:site_name\" content=\"Tatoma\" \/>\n<meta property=\"article:modified_time\" content=\"2023-09-11T14:39:51+00:00\" \/>\n<meta name=\"twitter:card\" content=\"summary_large_image\" \/>\n<meta name=\"twitter:label1\" content=\"Dur\u00e9e de lecture estim\u00e9e\" \/>\n\t<meta name=\"twitter:data1\" content=\"3 minutes\" \/>\n<script type=\"application\/ld+json\" class=\"yoast-schema-graph\">{\"@context\":\"https:\/\/schema.org\",\"@graph\":[{\"@type\":\"WebPage\",\"@id\":\"https:\/\/www.tatomaagro.com\/fr\/informations\/\",\"url\":\"https:\/\/www.tatomaagro.com\/fr\/informations\/\",\"name\":\"Informations - Tatoma\",\"isPartOf\":{\"@id\":\"https:\/\/www.tatomaagro.com\/fr\/#website\"},\"datePublished\":\"2021-10-18T12:13:21+00:00\",\"dateModified\":\"2023-09-11T14:39:51+00:00\",\"inLanguage\":\"fr-FR\",\"potentialAction\":[{\"@type\":\"ReadAction\",\"target\":[\"https:\/\/www.tatomaagro.com\/fr\/informations\/\"]}]},{\"@type\":\"WebSite\",\"@id\":\"https:\/\/www.tatomaagro.com\/fr\/#website\",\"url\":\"https:\/\/www.tatomaagro.com\/fr\/\",\"name\":\"Tatoma\",\"description\":\"Division AGRO Groupe Tatoma\",\"publisher\":{\"@id\":\"https:\/\/www.tatomaagro.com\/fr\/#organization\"},\"potentialAction\":[{\"@type\":\"SearchAction\",\"target\":{\"@type\":\"EntryPoint\",\"urlTemplate\":\"https:\/\/www.tatomaagro.com\/fr\/?s={search_term_string}\"},\"query-input\":\"required name=search_term_string\"}],\"inLanguage\":\"fr-FR\"},{\"@type\":\"Organization\",\"@id\":\"https:\/\/www.tatomaagro.com\/fr\/#organization\",\"name\":\"Tatoma\",\"url\":\"https:\/\/www.tatomaagro.com\/fr\/\",\"logo\":{\"@type\":\"ImageObject\",\"inLanguage\":\"fr-FR\",\"@id\":\"https:\/\/www.tatomaagro.com\/fr\/#\/schema\/logo\/image\/\",\"url\":\"https:\/\/www.tatomaagro.com\/wp-content\/uploads\/2021\/10\/logo-tatoma.png\",\"contentUrl\":\"https:\/\/www.tatomaagro.com\/wp-content\/uploads\/2021\/10\/logo-tatoma.png\",\"width\":182,\"height\":84,\"caption\":\"Tatoma\"},\"image\":{\"@id\":\"https:\/\/www.tatomaagro.com\/fr\/#\/schema\/logo\/image\/\"}}]}<\/script>\n<!-- \/ Yoast SEO plugin. -->","yoast_head_json":{"title":"Informations - Tatoma","robots":{"index":"index","follow":"follow","max-snippet":"max-snippet:-1","max-image-preview":"max-image-preview:large","max-video-preview":"max-video-preview:-1"},"canonical":"https:\/\/www.tatomaagro.com\/fr\/informations\/","og_locale":"fr_FR","og_type":"article","og_title":"Informations - Tatoma","og_description":"Informations","og_url":"https:\/\/www.tatomaagro.com\/fr\/informations\/","og_site_name":"Tatoma","article_modified_time":"2023-09-11T14:39:51+00:00","twitter_card":"summary_large_image","twitter_misc":{"Dur\u00e9e de lecture estim\u00e9e":"3 minutes"},"schema":{"@context":"https:\/\/schema.org","@graph":[{"@type":"WebPage","@id":"https:\/\/www.tatomaagro.com\/fr\/informations\/","url":"https:\/\/www.tatomaagro.com\/fr\/informations\/","name":"Informations - Tatoma","isPartOf":{"@id":"https:\/\/www.tatomaagro.com\/fr\/#website"},"datePublished":"2021-10-18T12:13:21+00:00","dateModified":"2023-09-11T14:39:51+00:00","inLanguage":"fr-FR","potentialAction":[{"@type":"ReadAction","target":["https:\/\/www.tatomaagro.com\/fr\/informations\/"]}]},{"@type":"WebSite","@id":"https:\/\/www.tatomaagro.com\/fr\/#website","url":"https:\/\/www.tatomaagro.com\/fr\/","name":"Tatoma","description":"Division AGRO Groupe Tatoma","publisher":{"@id":"https:\/\/www.tatomaagro.com\/fr\/#organization"},"potentialAction":[{"@type":"SearchAction","target":{"@type":"EntryPoint","urlTemplate":"https:\/\/www.tatomaagro.com\/fr\/?s={search_term_string}"},"query-input":"required name=search_term_string"}],"inLanguage":"fr-FR"},{"@type":"Organization","@id":"https:\/\/www.tatomaagro.com\/fr\/#organization","name":"Tatoma","url":"https:\/\/www.tatomaagro.com\/fr\/","logo":{"@type":"ImageObject","inLanguage":"fr-FR","@id":"https:\/\/www.tatomaagro.com\/fr\/#\/schema\/logo\/image\/","url":"https:\/\/www.tatomaagro.com\/wp-content\/uploads\/2021\/10\/logo-tatoma.png","contentUrl":"https:\/\/www.tatomaagro.com\/wp-content\/uploads\/2021\/10\/logo-tatoma.png","width":182,"height":84,"caption":"Tatoma"},"image":{"@id":"https:\/\/www.tatomaagro.com\/fr\/#\/schema\/logo\/image\/"}}]}},"_links":{"self":[{"href":"https:\/\/www.tatomaagro.com\/fr\/wp-json\/wp\/v2\/pages\/5406","targetHints":{"allow":["GET"]}}],"collection":[{"href":"https:\/\/www.tatomaagro.com\/fr\/wp-json\/wp\/v2\/pages"}],"about":[{"href":"https:\/\/www.tatomaagro.com\/fr\/wp-json\/wp\/v2\/types\/page"}],"author":[{"embeddable":true,"href":"https:\/\/www.tatomaagro.com\/fr\/wp-json\/wp\/v2\/users\/1"}],"replies":[{"embeddable":true,"href":"https:\/\/www.tatomaagro.com\/fr\/wp-json\/wp\/v2\/comments?post=5406"}],"version-history":[{"count":13,"href":"https:\/\/www.tatomaagro.com\/fr\/wp-json\/wp\/v2\/pages\/5406\/revisions"}],"predecessor-version":[{"id":10397,"href":"https:\/\/www.tatomaagro.com\/fr\/wp-json\/wp\/v2\/pages\/5406\/revisions\/10397"}],"wp:attachment":[{"href":"https:\/\/www.tatomaagro.com\/fr\/wp-json\/wp\/v2\/media?parent=5406"}],"curies":[{"name":"wp","href":"https:\/\/api.w.org\/{rel}","templated":true}]}}